{"id":525,"date":"2025-09-11T17:22:31","date_gmt":"2025-09-11T15:22:31","guid":{"rendered":"https:\/\/arbeithr.at\/?page_id=525"},"modified":"2025-09-12T12:09:23","modified_gmt":"2025-09-12T10:09:23","slug":"impressum","status":"publish","type":"page","link":"https:\/\/arbeithr.at\/de\/impressum\/","title":{"rendered":"Impressum"},"content":{"rendered":"\n<div id=\"wp-block-themeisle-blocks-advanced-columns-7dd6f258\" class=\"wp-block-themeisle-blocks-advanced-columns has-1-columns has-desktop-equal-layout has-tablet-equal-layout has-mobile-equal-layout has-vertical-unset\"><div class=\"wp-block-themeisle-blocks-advanced-columns-overlay\"><\/div><div class=\"innerblocks-wrap\">\n<div id=\"wp-block-themeisle-blocks-advanced-column-56b4d47d\" class=\"wp-block-themeisle-blocks-advanced-column\">\n<p><strong>Unternehmen:<\/strong> ArbeIT HR OG<br><strong>Anschrift:<\/strong> Bloch-Bauer-Promenade 20\/18, 1100 Wien, \u00d6sterreich<br><strong>E-Mail:<\/strong> <a>info@arbeithr.at<\/a><br><strong>Kontaktformular:<\/strong> <a href=\"https:\/\/arbeithr.at\/kontakt\">https:\/\/arbeithr.at\/kontakt<\/a><br><strong>Firmenbuch:<\/strong> FN 654928f, Firmenbuchgericht <strong>Handelsgericht Wien<\/strong><br><strong>UID-Nummer:<\/strong> <strong>ATU82395203<\/strong><br><strong>GISA-Zahl:<\/strong> <strong>38572975<\/strong><br><strong>Gewerbeberechtigung:<\/strong> Arbeitsvermittlung<br><strong>Zust\u00e4ndige Beh\u00f6rde:<\/strong> Magistrat der Stadt Wien<br><strong>Vertretungsbefugte Personen:<\/strong> Andr\u00e1s Albert Dusa (gewerberechtlich, CEO); Bal\u00e1zs Tasn\u00e1d Hagym\u00e1si (Founder, CEO)<br><strong>Unternehmensgegenstand:<\/strong> Executive\/Retained Search (ausschlie\u00dflich B2B)<\/p>\n\n\n\n<p><strong>Offenlegung nach \u00a7 25 MedienG (kleine Offenlegung):<\/strong><br>Medieninhaberin\/Herstellerin: ArbeIT HR OG, wie oben. Unternehmenszweck: Information \u00fcber Recruiting-Dienstleistungen und das Unternehmen. Grundlegende Richtung: Unternehmenspr\u00e4sentation.<\/p>\n\n\n\n<p><strong>Externe Links:<\/strong> F\u00fcr Inhalte fremder Seiten \u00fcbernehmen wir keine Verantwortung.<br><strong>Urheberrecht:<\/strong> Inhalte (Texte, Grafiken, Logos) sind gesch\u00fctzt; Nutzung nur nach vorheriger Zustimmung.<br><strong>Verbraucher-Schlichtung\/ODR:<\/strong> Wir schlie\u00dfen Vertr\u00e4ge <strong>ausschlie\u00dflich mit Unternehmern (B2B)<\/strong>. Keine Verpflichtung und keine Bereitschaft zur Teilnahme an Verbraucherschlichtungsverfahren. Hinweis auf die EU-ODR-Plattform ist nicht anwendbar.<\/p>\n\n\n\n<p><em>Aktualisiert am: 11. September 2025.<\/em><\/p>\n<\/div>\n<\/div><\/div>\n","protected":false},"excerpt":{"rendered":"","protected":false},"author":1,"featured_media":0,"parent":0,"menu_order":0,"comment_status":"closed","ping_status":"closed","template":"","meta":{"_uag_custom_page_level_css":"","site-sidebar-layout":"default","site-content-layout":"","ast-site-content-layout":"default","site-content-style":"default","site-sidebar-style":"default","ast-global-header-display":"","ast-banner-title-visibility":"","ast-main-header-display":"","ast-hfb-above-header-display":"","ast-hfb-below-header-display":"","ast-hfb-mobile-header-display":"","site-post-title":"","ast-breadcrumbs-content":"","ast-featured-img":"","footer-sml-layout":"","ast-disable-related-posts":"","theme-transparent-header-meta":"","adv-header-id-meta":"","stick-header-meta":"","header-above-stick-meta":"","header-main-stick-meta":"","header-below-stick-meta":"","astra-migrate-meta-layouts":"default","ast-page-background-enabled":"default","ast-page-background-meta":{"desktop":{"background-color":"var(--ast-global-color-5)","background-image":"","background-repeat":"repeat","background-position":"center center","background-size":"auto","background-attachment":"scroll","background-type":"","background-media":"","overlay-type":"","overlay-color":"","overlay-opacity":"","overlay-gradient":""},"tablet":{"background-color":"","background-image":"","background-repeat":"repeat","background-position":"center center","background-size":"auto","background-attachment":"scroll","background-type":"","background-media":"","overlay-type":"","overlay-color":"","overlay-opacity":"","overlay-gradient":""},"mobile":{"background-color":"","background-image":"","background-repeat":"repeat","background-position":"center center","background-size":"auto","background-attachment":"scroll","background-type":"","background-media":"","overlay-type":"","overlay-color":"","overlay-opacity":"","overlay-gradient":""}},"ast-content-background-meta":{"desktop":{"background-color":"var(--ast-global-color-4)","background-image":"","background-repeat":"repeat","background-position":"center center","background-size":"auto","background-attachment":"scroll","background-type":"","background-media":"","overlay-type":"","overlay-color":"","overlay-opacity":"","overlay-gradient":""},"tablet":{"background-color":"var(--ast-global-color-4)","background-image":"","background-repeat":"repeat","background-position":"center center","background-size":"auto","background-attachment":"scroll","background-type":"","background-media":"","overlay-type":"","overlay-color":"","overlay-opacity":"","overlay-gradient":""},"mobile":{"background-color":"var(--ast-global-color-4)","background-image":"","background-repeat":"repeat","background-position":"center center","background-size":"auto","background-attachment":"scroll","background-type":"","background-media":"","overlay-type":"","overlay-color":"","overlay-opacity":"","overlay-gradient":""}},"_themeisle_gutenberg_block_has_review":false,"footnotes":""},"class_list":["post-525","page","type-page","status-publish","hentry"],"uagb_featured_image_src":{"full":false,"thumbnail":false,"medium":false,"medium_large":false,"large":false,"1536x1536":false,"2048x2048":false,"trp-custom-language-flag":false},"uagb_author_info":{"display_name":"admin","author_link":"https:\/\/arbeithr.at\/de\/author\/admin\/"},"uagb_comment_info":0,"uagb_excerpt":null,"_links":{"self":[{"href":"https:\/\/arbeithr.at\/de\/wp-json\/wp\/v2\/pages\/525","targetHints":{"allow":["GET"]}}],"collection":[{"href":"https:\/\/arbeithr.at\/de\/wp-json\/wp\/v2\/pages"}],"about":[{"href":"https:\/\/arbeithr.at\/de\/wp-json\/wp\/v2\/types\/page"}],"author":[{"embeddable":true,"href":"https:\/\/arbeithr.at\/de\/wp-json\/wp\/v2\/users\/1"}],"replies":[{"embeddable":true,"href":"https:\/\/arbeithr.at\/de\/wp-json\/wp\/v2\/comments?post=525"}],"version-history":[{"count":2,"href":"https:\/\/arbeithr.at\/de\/wp-json\/wp\/v2\/pages\/525\/revisions"}],"predecessor-version":[{"id":549,"href":"https:\/\/arbeithr.at\/de\/wp-json\/wp\/v2\/pages\/525\/revisions\/549"}],"wp:attachment":[{"href":"https:\/\/arbeithr.at\/de\/wp-json\/wp\/v2\/media?parent=525"}],"curies":[{"name":"wp","href":"https:\/\/api.w.org\/{rel}","templated":true}]}}