{"id":531,"date":"2025-09-11T17:24:54","date_gmt":"2025-09-11T15:24:54","guid":{"rendered":"https:\/\/arbeithr.at\/?page_id=531"},"modified":"2025-09-12T12:10:32","modified_gmt":"2025-09-12T10:10:32","slug":"cookie-richtlinie-einstellungen","status":"publish","type":"page","link":"https:\/\/arbeithr.at\/de\/cookie-richtlinie-einstellungen\/","title":{"rendered":"Cookie-Richtlinie &amp; -Einstellungen"},"content":{"rendered":"\n<div id=\"wp-block-themeisle-blocks-advanced-columns-87aaf30f\" class=\"wp-block-themeisle-blocks-advanced-columns has-1-columns has-desktop-equal-layout has-tablet-equal-layout has-mobile-equal-layout has-vertical-unset\"><div class=\"wp-block-themeisle-blocks-advanced-columns-overlay\"><\/div><div class=\"innerblocks-wrap\">\n<div id=\"wp-block-themeisle-blocks-advanced-column-77bbea2a\" class=\"wp-block-themeisle-blocks-advanced-column\">\n<p><strong>Kurzfassung<\/strong><br>Wir bem\u00fchen uns, keine nicht erforderlichen Cookies einzusetzen. Technisch notwendige Cookies k\u00f6nnen f\u00fcr Grundfunktionen und Sicherheit erforderlich sein.<\/p>\n\n\n\n<p><strong>Ihre Auswahl<\/strong><\/p>\n\n\n\n<p>Cookies lassen sich zudem im Browser l\u00f6schen\/deaktivieren.<\/p>\n\n\n\n<p><strong>Kategorien<\/strong><\/p>\n\n\n\n<ul class=\"wp-block-list\">\n<li><strong>Erforderlich:<\/strong> Sicherheit und Grundfunktionen (z. B. Lastverteilung, Formular\u00fcbermittlung). Keine Einwilligung n\u00f6tig.<\/li>\n\n\n\n<li><strong>Funktional\/Sicherheit (Drittanbieter):<\/strong> <strong>Google reCAPTCHA<\/strong> zum Schutz des Kontaktformulars vor Spam. Laden <strong>nur nach Einwilligung<\/strong> bzw. <strong>On-Click<\/strong>.<\/li>\n\n\n\n<li><strong>Statistik\/Marketing:<\/strong> nicht im Einsatz.<\/li>\n<\/ul>\n\n\n\n<p><strong>Daten\u00fcbermittlung an Dritte<\/strong><br>Bei Aktivierung von reCAPTCHA k\u00f6nnen Ihre IP-Adresse und technische Daten von Google verarbeitet werden. N\u00e4heres in den Datenschutzhinweisen von Google.<\/p>\n\n\n\n<p><strong>Einholung der Einwilligung<\/strong><br>Beim Kontaktformular erscheint ein Schalter \u201eGoogle reCAPTCHA zum Spamschutz aktivieren\u201c. Erst nach Ihrer Aktivierung wird reCAPTCHA geladen.<\/p>\n\n\n\n<p><em>Aktualisiert am: 11. September 2025.<\/em><\/p>\n<\/div>\n<\/div><\/div>\n","protected":false},"excerpt":{"rendered":"","protected":false},"author":1,"featured_media":0,"parent":0,"menu_order":0,"comment_status":"closed","ping_status":"closed","template":"","meta":{"_uag_custom_page_level_css":"","site-sidebar-layout":"default","site-content-layout":"","ast-site-content-layout":"default","site-content-style":"default","site-sidebar-style":"default","ast-global-header-display":"","ast-banner-title-visibility":"","ast-main-header-display":"","ast-hfb-above-header-display":"","ast-hfb-below-header-display":"","ast-hfb-mobile-header-display":"","site-post-title":"","ast-breadcrumbs-content":"","ast-featured-img":"","footer-sml-layout":"","ast-disable-related-posts":"","theme-transparent-header-meta":"","adv-header-id-meta":"","stick-header-meta":"","header-above-stick-meta":"","header-main-stick-meta":"","header-below-stick-meta":"","astra-migrate-meta-layouts":"default","ast-page-background-enabled":"default","ast-page-background-meta":{"desktop":{"background-color":"var(--ast-global-color-5)","background-image":"","background-repeat":"repeat","background-position":"center center","background-size":"auto","background-attachment":"scroll","background-type":"","background-media":"","overlay-type":"","overlay-color":"","overlay-opacity":"","overlay-gradient":""},"tablet":{"background-color":"","background-image":"","background-repeat":"repeat","background-position":"center center","background-size":"auto","background-attachment":"scroll","background-type":"","background-media":"","overlay-type":"","overlay-color":"","overlay-opacity":"","overlay-gradient":""},"mobile":{"background-color":"","background-image":"","background-repeat":"repeat","background-position":"center center","background-size":"auto","background-attachment":"scroll","background-type":"","background-media":"","overlay-type":"","overlay-color":"","overlay-opacity":"","overlay-gradient":""}},"ast-content-background-meta":{"desktop":{"background-color":"var(--ast-global-color-4)","background-image":"","background-repeat":"repeat","background-position":"center center","background-size":"auto","background-attachment":"scroll","background-type":"","background-media":"","overlay-type":"","overlay-color":"","overlay-opacity":"","overlay-gradient":""},"tablet":{"background-color":"var(--ast-global-color-4)","background-image":"","background-repeat":"repeat","background-position":"center center","background-size":"auto","background-attachment":"scroll","background-type":"","background-media":"","overlay-type":"","overlay-color":"","overlay-opacity":"","overlay-gradient":""},"mobile":{"background-color":"var(--ast-global-color-4)","background-image":"","background-repeat":"repeat","background-position":"center center","background-size":"auto","background-attachment":"scroll","background-type":"","background-media":"","overlay-type":"","overlay-color":"","overlay-opacity":"","overlay-gradient":""}},"_themeisle_gutenberg_block_has_review":false,"footnotes":""},"class_list":["post-531","page","type-page","status-publish","hentry"],"uagb_featured_image_src":{"full":false,"thumbnail":false,"medium":false,"medium_large":false,"large":false,"1536x1536":false,"2048x2048":false,"trp-custom-language-flag":false},"uagb_author_info":{"display_name":"admin","author_link":"https:\/\/arbeithr.at\/de\/author\/admin\/"},"uagb_comment_info":0,"uagb_excerpt":null,"_links":{"self":[{"href":"https:\/\/arbeithr.at\/de\/wp-json\/wp\/v2\/pages\/531","targetHints":{"allow":["GET"]}}],"collection":[{"href":"https:\/\/arbeithr.at\/de\/wp-json\/wp\/v2\/pages"}],"about":[{"href":"https:\/\/arbeithr.at\/de\/wp-json\/wp\/v2\/types\/page"}],"author":[{"embeddable":true,"href":"https:\/\/arbeithr.at\/de\/wp-json\/wp\/v2\/users\/1"}],"replies":[{"embeddable":true,"href":"https:\/\/arbeithr.at\/de\/wp-json\/wp\/v2\/comments?post=531"}],"version-history":[{"count":5,"href":"https:\/\/arbeithr.at\/de\/wp-json\/wp\/v2\/pages\/531\/revisions"}],"predecessor-version":[{"id":544,"href":"https:\/\/arbeithr.at\/de\/wp-json\/wp\/v2\/pages\/531\/revisions\/544"}],"wp:attachment":[{"href":"https:\/\/arbeithr.at\/de\/wp-json\/wp\/v2\/media?parent=531"}],"curies":[{"name":"wp","href":"https:\/\/api.w.org\/{rel}","templated":true}]}}