{"id":525,"date":"2025-09-11T17:22:31","date_gmt":"2025-09-11T15:22:31","guid":{"rendered":"https:\/\/arbeithr.at\/?page_id=525"},"modified":"2025-09-12T12:09:23","modified_gmt":"2025-09-12T10:09:23","slug":"impressum","status":"publish","type":"page","link":"https:\/\/arbeithr.at\/en\/impressum\/","title":{"rendered":"Legal"},"content":{"rendered":"<div id=\"wp-block-themeisle-blocks-advanced-columns-7dd6f258\" class=\"wp-block-themeisle-blocks-advanced-columns has-1-columns has-desktop-equal-layout has-tablet-equal-layout has-mobile-equal-layout has-vertical-unset\"><div class=\"wp-block-themeisle-blocks-advanced-columns-overlay\"><\/div><div class=\"innerblocks-wrap\">\n<div id=\"wp-block-themeisle-blocks-advanced-column-56b4d47d\" class=\"wp-block-themeisle-blocks-advanced-column\">\n<p class=\"translation-block\"><strong>Company:<\/strong> ArbeIT HR OG<br>\n<strong>Address:<\/strong> Bloch-Bauer-Promenade 20\/18, 1100 Vienna, Austria<br>\n<strong>Email:<\/strong> <a target=\"_self\">info@arbeithr.at\n<\/a><br>\n<strong>Contact form:<\/strong> <a href=\"https:\/\/arbeithr.at\/en\/kontakt\/\" target=\"_self\">https:\/\/arbeithr.at\/kontakt\n<\/a><br>\n<strong>Company register:<\/strong> FN 654928f, Commercial Court of <strong>Vienna<\/strong><br>\n<strong>VAT number:<\/strong> <strong>ATU82395203<\/strong><br>\n<strong>GISA number:<\/strong> <strong>38572975<\/strong><br>\n<strong>Business license:<\/strong> Employment placement<br>\n<strong>Supervisory authority:<\/strong> Municipal Authority of the City of Vienna<br>\n<strong>Authorized representatives:<\/strong> Andr\u00e1s Albert Dusa (Trade license holder, CEO); Bal\u00e1zs Tasn\u00e1d Hagym\u00e1si (Founder, CEO)<br>\n<strong>Business purpose:<\/strong> Executive\/Retained Search (B2B only)<\/p>\n\n\n\n<p class=\"translation-block\"><strong>Disclosure pursuant to \u00a7 25 Austrian Media Act (basic disclosure):<\/strong><br>Media owner\/publisher: ArbeIT HR OG, as above. Company purpose: Providing information about recruitment services and the company. General orientation: Company presentation.<\/p>\n\n\n\n<p class=\"translation-block\"><strong>External links:<\/strong> We accept no responsibility for the content of third-party websites.<br><strong>Copyright:<\/strong> All content (texts, graphics, logos) is protected; use is permitted only with prior approval.<br><strong>Consumer dispute resolution\/ODR:<\/strong> We enter into contracts <strong>exclusively with business clients (B2B)<\/strong>. We are neither obligated nor willing to participate in consumer dispute resolution proceedings. The EU ODR platform notice does not apply.<\/p>\n\n\n\n<p><em>Last updated: 11 September 2025.<\/em><\/p>\n<\/div>\n<\/div><\/div>","protected":false},"excerpt":{"rendered":"","protected":false},"author":1,"featured_media":0,"parent":0,"menu_order":0,"comment_status":"closed","ping_status":"closed","template":"","meta":{"_uag_custom_page_level_css":"","site-sidebar-layout":"default","site-content-layout":"","ast-site-content-layout":"default","site-content-style":"default","site-sidebar-style":"default","ast-global-header-display":"","ast-banner-title-visibility":"","ast-main-header-display":"","ast-hfb-above-header-display":"","ast-hfb-below-header-display":"","ast-hfb-mobile-header-display":"","site-post-title":"","ast-breadcrumbs-content":"","ast-featured-img":"","footer-sml-layout":"","ast-disable-related-posts":"","theme-transparent-header-meta":"","adv-header-id-meta":"","stick-header-meta":"","header-above-stick-meta":"","header-main-stick-meta":"","header-below-stick-meta":"","astra-migrate-meta-layouts":"default","ast-page-background-enabled":"default","ast-page-background-meta":{"desktop":{"background-color":"var(--ast-global-color-5)","background-image":"","background-repeat":"repeat","background-position":"center center","background-size":"auto","background-attachment":"scroll","background-type":"","background-media":"","overlay-type":"","overlay-color":"","overlay-opacity":"","overlay-gradient":""},"tablet":{"background-color":"","background-image":"","background-repeat":"repeat","background-position":"center center","background-size":"auto","background-attachment":"scroll","background-type":"","background-media":"","overlay-type":"","overlay-color":"","overlay-opacity":"","overlay-gradient":""},"mobile":{"background-color":"","background-image":"","background-repeat":"repeat","background-position":"center center","background-size":"auto","background-attachment":"scroll","background-type":"","background-media":"","overlay-type":"","overlay-color":"","overlay-opacity":"","overlay-gradient":""}},"ast-content-background-meta":{"desktop":{"background-color":"var(--ast-global-color-4)","background-image":"","background-repeat":"repeat","background-position":"center center","background-size":"auto","background-attachment":"scroll","background-type":"","background-media":"","overlay-type":"","overlay-color":"","overlay-opacity":"","overlay-gradient":""},"tablet":{"background-color":"var(--ast-global-color-4)","background-image":"","background-repeat":"repeat","background-position":"center center","background-size":"auto","background-attachment":"scroll","background-type":"","background-media":"","overlay-type":"","overlay-color":"","overlay-opacity":"","overlay-gradient":""},"mobile":{"background-color":"var(--ast-global-color-4)","background-image":"","background-repeat":"repeat","background-position":"center center","background-size":"auto","background-attachment":"scroll","background-type":"","background-media":"","overlay-type":"","overlay-color":"","overlay-opacity":"","overlay-gradient":""}},"_themeisle_gutenberg_block_has_review":false,"footnotes":""},"class_list":["post-525","page","type-page","status-publish","hentry"],"uagb_featured_image_src":{"full":false,"thumbnail":false,"medium":false,"medium_large":false,"large":false,"1536x1536":false,"2048x2048":false,"trp-custom-language-flag":false},"uagb_author_info":{"display_name":"admin","author_link":"https:\/\/arbeithr.at\/en\/author\/admin\/"},"uagb_comment_info":0,"uagb_excerpt":null,"_links":{"self":[{"href":"https:\/\/arbeithr.at\/en\/wp-json\/wp\/v2\/pages\/525","targetHints":{"allow":["GET"]}}],"collection":[{"href":"https:\/\/arbeithr.at\/en\/wp-json\/wp\/v2\/pages"}],"about":[{"href":"https:\/\/arbeithr.at\/en\/wp-json\/wp\/v2\/types\/page"}],"author":[{"embeddable":true,"href":"https:\/\/arbeithr.at\/en\/wp-json\/wp\/v2\/users\/1"}],"replies":[{"embeddable":true,"href":"https:\/\/arbeithr.at\/en\/wp-json\/wp\/v2\/comments?post=525"}],"version-history":[{"count":2,"href":"https:\/\/arbeithr.at\/en\/wp-json\/wp\/v2\/pages\/525\/revisions"}],"predecessor-version":[{"id":549,"href":"https:\/\/arbeithr.at\/en\/wp-json\/wp\/v2\/pages\/525\/revisions\/549"}],"wp:attachment":[{"href":"https:\/\/arbeithr.at\/en\/wp-json\/wp\/v2\/media?parent=525"}],"curies":[{"name":"wp","href":"https:\/\/api.w.org\/{rel}","templated":true}]}}